{"id":655,"date":"2026-05-11T20:29:14","date_gmt":"2026-05-11T20:29:14","guid":{"rendered":"https:\/\/helmerconecta.com.br\/tocantins\/?page_id=655"},"modified":"2026-05-11T20:29:14","modified_gmt":"2026-05-11T20:29:14","slug":"karaoke","status":"publish","type":"page","link":"https:\/\/helmerconecta.com.br\/tocantins\/karaoke\/","title":{"rendered":"Karaok\u00ea"},"content":{"rendered":"\n<figure class=\"wp-block-image\"><img decoding=\"async\" src=\"https:\/\/dreamwinner.com.br\/wp-content\/uploads\/2025\/04\/WhatsApp-Image-2025-04-25-at-09.30.21.jpeg\" alt=\"\"\/><\/figure>\n\n\n\n<h3 class=\"wp-block-heading\">Op\u00e7\u00e3o 2 &#8211; Para eventos de m\u00e9dio porte, acompanha:<\/h3>\n\n\n\n<p>Videok\u00ea com mais de 12.500 m\u00fasicas atualizado, caixa de som de 300w at\u00e9 1000w compat\u00edvel com o ambiente +2 microfones sem fio + 5 cat\u00e1logos de m\u00fasicas + QR_CODE + TV 42 polegadas pedestal.<\/p>\n\n\n\n<figure class=\"wp-block-image\"><img decoding=\"async\" src=\"https:\/\/dreamwinner.com.br\/wp-content\/uploads\/2022\/08\/721c8a0f-a159-4b6e-82ee-0a3b955cfd37.jpg\" alt=\"\"\/><\/figure>\n\n\n\n<h3 class=\"wp-block-heading\">Op\u00e7\u00e3o 3 &#8211; Para eventos de m\u00e9dio porte, acompanha:<\/h3>\n\n\n\n<p>Videok\u00ea com mais de 12.500 m\u00fasicas + TV 50 polegadas + caixa de som trip\u00e9 ou torre de 300w at\u00e9 1000w compat\u00edvel com o ambiente +2 microfones sem fio + 5 cat\u00e1logos de m\u00fasicas + QR_CODE.<\/p>\n","protected":false},"excerpt":{"rendered":"<p>Op\u00e7\u00e3o 2 &#8211; Para eventos de m\u00e9dio porte, acompanha: Videok\u00ea com mais de 12.500 m\u00fasicas atualizado, caixa de som de 300w at\u00e9 1000w compat\u00edvel com o ambiente +2 microfones sem fio + 5 cat\u00e1logos de m\u00fasicas + QR_CODE + TV 42 polegadas pedestal. Op\u00e7\u00e3o 3 &#8211; Para eventos de m\u00e9dio porte, acompanha: Videok\u00ea com mais [&hellip;]<\/p>\n","protected":false},"author":1,"featured_media":0,"parent":0,"menu_order":0,"comment_status":"closed","ping_status":"closed","template":"","meta":{"footnotes":""},"class_list":["post-655","page","type-page","status-publish","hentry"],"_links":{"self":[{"href":"https:\/\/helmerconecta.com.br\/tocantins\/wp-json\/wp\/v2\/pages\/655","targetHints":{"allow":["GET"]}}],"collection":[{"href":"https:\/\/helmerconecta.com.br\/tocantins\/wp-json\/wp\/v2\/pages"}],"about":[{"href":"https:\/\/helmerconecta.com.br\/tocantins\/wp-json\/wp\/v2\/types\/page"}],"author":[{"embeddable":true,"href":"https:\/\/helmerconecta.com.br\/tocantins\/wp-json\/wp\/v2\/users\/1"}],"replies":[{"embeddable":true,"href":"https:\/\/helmerconecta.com.br\/tocantins\/wp-json\/wp\/v2\/comments?post=655"}],"version-history":[{"count":2,"href":"https:\/\/helmerconecta.com.br\/tocantins\/wp-json\/wp\/v2\/pages\/655\/revisions"}],"predecessor-version":[{"id":658,"href":"https:\/\/helmerconecta.com.br\/tocantins\/wp-json\/wp\/v2\/pages\/655\/revisions\/658"}],"wp:attachment":[{"href":"https:\/\/helmerconecta.com.br\/tocantins\/wp-json\/wp\/v2\/media?parent=655"}],"curies":[{"name":"wp","href":"https:\/\/api.w.org\/{rel}","templated":true}]}}